{"id":23,"date":"2022-10-06T20:58:31","date_gmt":"2022-10-07T01:58:31","guid":{"rendered":"https:\/\/www.msadvisorsgroup.com\/?page_id=23"},"modified":"2025-03-07T13:53:17","modified_gmt":"2025-03-07T18:53:17","slug":"nosotros","status":"publish","type":"page","link":"https:\/\/www.msadvisorsgroup.com\/es\/nosotros\/","title":{"rendered":"NOSOTROS"},"content":{"rendered":"<p>Somos un RIA (Registered Invesment Advisor) con domicilio en los Estados Unidos de Am\u00e9rica, actualmente regulados por The Florida Office of Financial\u00a0Regulations.<\/p>\n<p>Generamos bienestar a nuestros clientes y asociados, fortaleciendo su patrimonio a trav\u00e9s de una asesor\u00eda independiente con el uso de herramientas t\u00e9cnicas.<\/p>\n<p>Estudiamos los ciclos econ\u00f3micos y sus macrotendencias para gestionar de la mejor manera su\u00a0patrimonio.<\/p>\n<p>&nbsp;<\/p>\n<p><a href=\"https:\/\/adviserinfo.sec.gov\/firm\/summary\/314428\"><img loading=\"lazy\" decoding=\"async\" class=\"wp-image-280 aligncenter\" src=\"https:\/\/www.msadvisorsgroup.com\/wp-content\/uploads\/2025\/03\/msadvisor-check-finraa-300x61.jpg\" alt=\"\" width=\"403\" height=\"82\" srcset=\"https:\/\/www.msadvisorsgroup.com\/wp-content\/uploads\/2025\/03\/msadvisor-check-finraa-300x61.jpg 300w, https:\/\/www.msadvisorsgroup.com\/wp-content\/uploads\/2025\/03\/msadvisor-check-finraa.jpg 465w\" sizes=\"auto, (max-width: 403px) 100vw, 403px\" \/><\/a><\/p>\n<p>&nbsp;<\/p>","protected":false},"excerpt":{"rendered":"<p>Somos un RIA (Registered Invesment Advisor) con domicilio en los Estados Unidos de Am\u00e9rica, actualmente regulados por The Florida Office of Financial\u00a0Regulations. Generamos bienestar a nuestros clientes y asociados, fortaleciendo su patrimonio a trav\u00e9s de una asesor\u00eda independiente con el uso de herramientas t\u00e9cnicas. Estudiamos los ciclos econ\u00f3micos y sus macrotendencias para gestionar de la [&hellip;]<\/p>\n","protected":false},"author":1,"featured_media":108,"parent":0,"menu_order":0,"comment_status":"closed","ping_status":"closed","template":"","meta":{"footnotes":""},"class_list":["post-23","page","type-page","status-publish","has-post-thumbnail","hentry"],"_links":{"self":[{"href":"https:\/\/www.msadvisorsgroup.com\/es\/wp-json\/wp\/v2\/pages\/23","targetHints":{"allow":["GET"]}}],"collection":[{"href":"https:\/\/www.msadvisorsgroup.com\/es\/wp-json\/wp\/v2\/pages"}],"about":[{"href":"https:\/\/www.msadvisorsgroup.com\/es\/wp-json\/wp\/v2\/types\/page"}],"author":[{"embeddable":true,"href":"https:\/\/www.msadvisorsgroup.com\/es\/wp-json\/wp\/v2\/users\/1"}],"replies":[{"embeddable":true,"href":"https:\/\/www.msadvisorsgroup.com\/es\/wp-json\/wp\/v2\/comments?post=23"}],"version-history":[{"count":41,"href":"https:\/\/www.msadvisorsgroup.com\/es\/wp-json\/wp\/v2\/pages\/23\/revisions"}],"predecessor-version":[{"id":286,"href":"https:\/\/www.msadvisorsgroup.com\/es\/wp-json\/wp\/v2\/pages\/23\/revisions\/286"}],"wp:featuredmedia":[{"embeddable":true,"href":"https:\/\/www.msadvisorsgroup.com\/es\/wp-json\/wp\/v2\/media\/108"}],"wp:attachment":[{"href":"https:\/\/www.msadvisorsgroup.com\/es\/wp-json\/wp\/v2\/media?parent=23"}],"curies":[{"name":"wp","href":"https:\/\/api.w.org\/{rel}","templated":true}]}}